{"id":9390,"date":"2022-04-25T19:58:54","date_gmt":"2022-04-25T22:58:54","guid":{"rendered":"https:\/\/www.dosetec.com.br\/?page_id=9390"},"modified":"2022-04-27T11:42:35","modified_gmt":"2022-04-27T14:42:35","slug":"trabaja-con-nosotros","status":"publish","type":"page","link":"https:\/\/www.dosetec.com.br\/es\/trabaja-con-nosotros\/","title":{"rendered":"Trabaja Con Nosotros"},"content":{"rendered":"<p>[vc_row equal_height=&#8221;&#8221; font_color=&#8221;light&#8221; background_type=&#8221;image&#8221; background_color=&#8221;darkgrey&#8221; background_img=&#8221;8426&#8243; background_img_lazyload=&#8221;&#8221; shift_y=&#8221;0&#8243; z_index=&#8221;0&#8243; css=&#8221;.vc_custom_1639434516383{padding-top: 50px !important;padding-bottom: 50px !important;}&#8221;][vc_column][vc_empty_space height=&#8221;100px&#8221;][vc_custom_heading text=&#8221;Trabaja Con Nosotros&#8221; font_size=&#8221;32&#8243; text_align=&#8221;right&#8221; css=&#8221;.vc_custom_1650927324513{margin-bottom: 15px !important;}&#8221; css_animation=&#8221;fadeInUp&#8221;][wvc_breadcrumb align=&#8221;right&#8221; font_size=&#8221;16&#8243; css_animation=&#8221;fade&#8221;][vc_empty_space height=&#8221;80px&#8221;][\/vc_column][\/vc_row][vc_row equal_height=&#8221;&#8221; background_type=&#8221;image&#8221; background_color=&#8221;white&#8221; background_img_lazyload=&#8221;&#8221; shift_y=&#8221;0&#8243; z_index=&#8221;0&#8243; css=&#8221;.vc_custom_1623683612771{margin-bottom: 0px !important;border-bottom-width: 0px !important;padding-top: 50px !important;padding-bottom: 0px !important;}&#8221;][vc_column][vc_custom_heading text=&#8221;\u00danete a nuestro equipo&#8221; font_size=&#8221;32&#8243; css=&#8221;.vc_custom_1650927358296{margin-bottom: 0px !important;border-bottom-width: 0px !important;padding-bottom: 0px !important;}&#8221; css_animation=&#8221;fadeInUp&#8221;][vc_column_text css_animation=&#8221;fade&#8221; css_animation_delay=&#8221;300&#8243; css=&#8221;.vc_custom_1650927374715{margin-top: 0px !important;border-top-width: 0px !important;padding-top: 0px !important;}&#8221;]<\/p>\n<p style=\"text-align: center;\"><span class=\"caption\" style=\"font-size: 14pt;\">Rellena todos los datos solicitados y env\u00eda tu CV ahora<\/span><\/p>\n<p>[\/vc_column_text][vc_empty_space height=&#8221;10px&#8221;][\/vc_column][\/vc_row][vc_row content_width=&#8221;full&#8221; equal_height=&#8221;&#8221; background_type=&#8221;image&#8221; background_color=&#8221;white&#8221; background_img_lazyload=&#8221;1&#8243; shift_y=&#8221;0&#8243; z_index=&#8221;0&#8243; css=&#8221;.vc_custom_1634749441013{margin-top: 0px !important;margin-bottom: 0px !important;border-top-width: 0px !important;border-bottom-width: 0px !important;padding-top: 0px !important;padding-bottom: 0px !important;}&#8221;][vc_column shift_x=&#8221;0&#8243; shift_y=&#8221;0&#8243; z_index=&#8221;0&#8243;][vc_empty_space height=&#8221;30px&#8221;][vc_row_inner hide_class=&#8221;wvc-hide-tablet&#8221;][vc_column_inner content_placement=&#8221;default&#8221; width=&#8221;2\/3&#8243; font_color=&#8221;light&#8221; background_type=&#8221;image&#8221; background_color=&#8221;darkgrey&#8221; background_img_lazyload=&#8221;1&#8243; css=&#8221;.vc_custom_1634749282095{padding-right: 50px !important;}&#8221; css_animation=&#8221;fadeInLeftBig&#8221;]\n<div class=\"wpcf7 no-js\" id=\"wpcf7-f9590-o1\" lang=\"pt-BR\" dir=\"ltr\" data-wpcf7-id=\"9590\">\n<div class=\"screen-reader-response\"><p role=\"status\" aria-live=\"polite\" aria-atomic=\"true\"><\/p> <ul><\/ul><\/div>\n<form action=\"\/index.php?rest_route=%2Fwp%2Fv2%2Fpages%2F9390#wpcf7-f9590-o1\" method=\"post\" class=\"wpcf7-form init\" aria-label=\"Formul\u00e1rios de contato\" enctype=\"multipart\/form-data\" novalidate=\"novalidate\" data-status=\"init\">\n<fieldset class=\"hidden-fields-container\"><input type=\"hidden\" name=\"_wpcf7\" value=\"9590\" \/><input type=\"hidden\" name=\"_wpcf7_version\" value=\"6.1.5\" \/><input type=\"hidden\" name=\"_wpcf7_locale\" value=\"pt_BR\" \/><input type=\"hidden\" name=\"_wpcf7_unit_tag\" value=\"wpcf7-f9590-o1\" \/><input type=\"hidden\" name=\"_wpcf7_container_post\" value=\"0\" \/><input type=\"hidden\" name=\"_wpcf7_posted_data_hash\" value=\"\" \/><input type=\"hidden\" name=\"_wpcf7_recaptcha_response\" value=\"\" \/>\n<\/fieldset>\n<p><label> Su Nombre Completo (obligatorio)<br \/>\n<span class=\"wpcf7-form-control-wrap\" data-name=\"your-name\"><input size=\"40\" maxlength=\"400\" class=\"wpcf7-form-control wpcf7-text wpcf7-validates-as-required\" aria-required=\"true\" aria-invalid=\"false\" placeholder=\"Nombre Apellido\" value=\"\" type=\"text\" name=\"your-name\" \/><\/span> <\/label>\n<\/p>\n<p><label> Su E-mail (obligatorio)<br \/>\n<span class=\"wpcf7-form-control-wrap\" data-name=\"your-email\"><input size=\"40\" maxlength=\"400\" class=\"wpcf7-form-control wpcf7-email wpcf7-validates-as-required wpcf7-text wpcf7-validates-as-email\" aria-required=\"true\" aria-invalid=\"false\" placeholder=\"E-mail\" value=\"\" type=\"email\" name=\"your-email\" \/><\/span> <\/label>\n<\/p>\n<p><label> Su Tel\u00e9fono (obligatorio)<br \/>\n<span class=\"wpcf7-form-control-wrap\" data-name=\"your-phone\"><input size=\"40\" maxlength=\"400\" class=\"wpcf7-form-control wpcf7-text wpcf7-validates-as-required\" aria-required=\"true\" aria-invalid=\"false\" placeholder=\"C\u00f3digo de \u00e1rea + Tel\u00e9fono\" value=\"\" type=\"text\" name=\"your-phone\" \/><\/span> <\/label>\n<\/p>\n<p><label> Tu Perfil en Redes Sociales<br \/>\n<span class=\"wpcf7-form-control-wrap\" data-name=\"your-profile\"><input size=\"40\" maxlength=\"400\" class=\"wpcf7-form-control wpcf7-text\" aria-invalid=\"false\" placeholder=\"Link de Facebook, Instagram o LinkedIn\" value=\"\" type=\"text\" name=\"your-profile\" \/><\/span> <\/label>\n<\/p>\n<p><label> Vacante de Inter\u00e9s (obligatorio)<br \/>\n<span class=\"wpcf7-form-control-wrap\" data-name=\"your-position\"><input size=\"40\" maxlength=\"400\" class=\"wpcf7-form-control wpcf7-text wpcf7-validates-as-required\" aria-required=\"true\" aria-invalid=\"false\" placeholder=\"Cargo\" value=\"\" type=\"text\" name=\"your-position\" \/><\/span> <\/label>\n<\/p>\n<p><label> Carta de Presentaci\u00f3n (obligatorio)<br \/>\n<span class=\"wpcf7-form-control-wrap\" data-name=\"your-message\"><textarea cols=\"40\" rows=\"10\" maxlength=\"2000\" class=\"wpcf7-form-control wpcf7-textarea wpcf7-validates-as-required\" aria-required=\"true\" aria-invalid=\"false\" placeholder=\"Escriba su mensaje de presentaci\u00f3n...\" name=\"your-message\"><\/textarea><\/span> <\/label>\n<\/p>\n<p><label> Env\u00edenos su CV (obligatorio)<br \/>\n<span class=\"wpcf7-form-control-wrap\" data-name=\"your-file\"><input size=\"40\" class=\"wpcf7-form-control wpcf7-file wpcf7-validates-as-required\" accept=\".pdf,.doc,.docx\" aria-required=\"true\" aria-invalid=\"false\" type=\"file\" name=\"your-file\" \/><\/span> <\/label>\n<\/p>\n<p><input class=\"wpcf7-form-control wpcf7-submit has-spinner\" type=\"submit\" value=\"Enviar\" \/>\n<\/p><div class=\"wpcf7-response-output\" aria-hidden=\"true\"><\/div>\n<\/form>\n<\/div>\n[\/vc_column_inner][vc_column_inner content_placement=&#8221;default&#8221; width=&#8221;1\/3&#8243; el_class=&#8221;c-resp&#8221; css=&#8221;.vc_custom_1634749471839{padding-right: 50px !important;}&#8221;][vc_separator align=&#8221;align_left&#8221; align_mobile=&#8221;center&#8221; css_animation=&#8221;zoom-in-up&#8221;][vc_empty_space height=&#8221;30px&#8221; hide_class=&#8221;wvc-show-tablet&#8221;][vc_column_text text_align_mobile=&#8221;center&#8221; css_animation=&#8221;fadeIn&#8221;]Estamos en constante crecimiento y siempre en busca de nuevos talentos dispuestos a innovar para crecer. Si compartes nuestros valores y eres un profesional que busca el desarrollo continuo, es din\u00e1mico, proactivo y tiene iniciativa, \u00a1\u00fanete a nuestro equipo!<\/p>\n<p>Rellena todos los datos solicitados, cargue tu CV en formato .pdf, .doc o .docx y reg\u00edstrate en nuestra base de datos. Nuestro equipo se pondr\u00e1 en contacto con usted en breve.[\/vc_column_text][\/vc_column_inner][\/vc_row_inner][\/vc_column][\/vc_row][vc_row equal_height=&#8221;&#8221; hide_class=&#8221;wvc-show-tablet&#8221; font_color=&#8221;light&#8221; background_type=&#8221;image&#8221; background_color=&#8221;darkgrey&#8221; background_img_lazyload=&#8221;1&#8243; shift_y=&#8221;0&#8243; z_index=&#8221;0&#8243; css=&#8221;.vc_custom_1646486023371{margin-top: 0px !important;margin-bottom: 0px !important;border-top-width: 0px !important;border-bottom-width: 0px !important;padding-top: 0px !important;padding-bottom: 0px !important;}&#8221;][vc_column shift_x=&#8221;0&#8243; shift_y=&#8221;0&#8243; z_index=&#8221;0&#8243;][vc_empty_space height=&#8221;30px&#8221;]\n<div class=\"wpcf7 no-js\" id=\"wpcf7-f9590-o2\" lang=\"pt-BR\" dir=\"ltr\" data-wpcf7-id=\"9590\">\n<div class=\"screen-reader-response\"><p role=\"status\" aria-live=\"polite\" aria-atomic=\"true\"><\/p> <ul><\/ul><\/div>\n<form action=\"\/index.php?rest_route=%2Fwp%2Fv2%2Fpages%2F9390#wpcf7-f9590-o2\" method=\"post\" class=\"wpcf7-form init\" aria-label=\"Formul\u00e1rios de contato\" enctype=\"multipart\/form-data\" novalidate=\"novalidate\" data-status=\"init\">\n<fieldset class=\"hidden-fields-container\"><input type=\"hidden\" name=\"_wpcf7\" value=\"9590\" \/><input type=\"hidden\" name=\"_wpcf7_version\" value=\"6.1.5\" \/><input type=\"hidden\" name=\"_wpcf7_locale\" value=\"pt_BR\" \/><input type=\"hidden\" name=\"_wpcf7_unit_tag\" value=\"wpcf7-f9590-o2\" \/><input type=\"hidden\" name=\"_wpcf7_container_post\" value=\"0\" \/><input type=\"hidden\" name=\"_wpcf7_posted_data_hash\" value=\"\" \/><input type=\"hidden\" name=\"_wpcf7_recaptcha_response\" value=\"\" \/>\n<\/fieldset>\n<p><label> Su Nombre Completo (obligatorio)<br \/>\n<span class=\"wpcf7-form-control-wrap\" data-name=\"your-name\"><input size=\"40\" maxlength=\"400\" class=\"wpcf7-form-control wpcf7-text wpcf7-validates-as-required\" aria-required=\"true\" aria-invalid=\"false\" placeholder=\"Nombre Apellido\" value=\"\" type=\"text\" name=\"your-name\" \/><\/span> <\/label>\n<\/p>\n<p><label> Su E-mail (obligatorio)<br \/>\n<span class=\"wpcf7-form-control-wrap\" data-name=\"your-email\"><input size=\"40\" maxlength=\"400\" class=\"wpcf7-form-control wpcf7-email wpcf7-validates-as-required wpcf7-text wpcf7-validates-as-email\" aria-required=\"true\" aria-invalid=\"false\" placeholder=\"E-mail\" value=\"\" type=\"email\" name=\"your-email\" \/><\/span> <\/label>\n<\/p>\n<p><label> Su Tel\u00e9fono (obligatorio)<br \/>\n<span class=\"wpcf7-form-control-wrap\" data-name=\"your-phone\"><input size=\"40\" maxlength=\"400\" class=\"wpcf7-form-control wpcf7-text wpcf7-validates-as-required\" aria-required=\"true\" aria-invalid=\"false\" placeholder=\"C\u00f3digo de \u00e1rea + Tel\u00e9fono\" value=\"\" type=\"text\" name=\"your-phone\" \/><\/span> <\/label>\n<\/p>\n<p><label> Tu Perfil en Redes Sociales<br \/>\n<span class=\"wpcf7-form-control-wrap\" data-name=\"your-profile\"><input size=\"40\" maxlength=\"400\" class=\"wpcf7-form-control wpcf7-text\" aria-invalid=\"false\" placeholder=\"Link de Facebook, Instagram o LinkedIn\" value=\"\" type=\"text\" name=\"your-profile\" \/><\/span> <\/label>\n<\/p>\n<p><label> Vacante de Inter\u00e9s (obligatorio)<br \/>\n<span class=\"wpcf7-form-control-wrap\" data-name=\"your-position\"><input size=\"40\" maxlength=\"400\" class=\"wpcf7-form-control wpcf7-text wpcf7-validates-as-required\" aria-required=\"true\" aria-invalid=\"false\" placeholder=\"Cargo\" value=\"\" type=\"text\" name=\"your-position\" \/><\/span> <\/label>\n<\/p>\n<p><label> Carta de Presentaci\u00f3n (obligatorio)<br \/>\n<span class=\"wpcf7-form-control-wrap\" data-name=\"your-message\"><textarea cols=\"40\" rows=\"10\" maxlength=\"2000\" class=\"wpcf7-form-control wpcf7-textarea wpcf7-validates-as-required\" aria-required=\"true\" aria-invalid=\"false\" placeholder=\"Escriba su mensaje de presentaci\u00f3n...\" name=\"your-message\"><\/textarea><\/span> <\/label>\n<\/p>\n<p><label> Env\u00edenos su CV (obligatorio)<br \/>\n<span class=\"wpcf7-form-control-wrap\" data-name=\"your-file\"><input size=\"40\" class=\"wpcf7-form-control wpcf7-file wpcf7-validates-as-required\" accept=\".pdf,.doc,.docx\" aria-required=\"true\" aria-invalid=\"false\" type=\"file\" name=\"your-file\" \/><\/span> <\/label>\n<\/p>\n<p><input class=\"wpcf7-form-control wpcf7-submit has-spinner\" type=\"submit\" value=\"Enviar\" \/>\n<\/p><div class=\"wpcf7-response-output\" aria-hidden=\"true\"><\/div>\n<\/form>\n<\/div>\n[\/vc_column][\/vc_row][vc_row equal_height=&#8221;&#8221; hide_class=&#8221;wvc-show-tablet&#8221; shift_y=&#8221;0&#8243; z_index=&#8221;0&#8243;][vc_column][vc_separator align=&#8221;align_left&#8221; align_mobile=&#8221;center&#8221; css_animation=&#8221;zoom-in-up&#8221;][vc_empty_space height=&#8221;30px&#8221; hide_class=&#8221;wvc-show-tablet&#8221;][vc_column_text text_align_mobile=&#8221;center&#8221; css_animation=&#8221;fadeIn&#8221;]Estamos en constante crecimiento y siempre en busca de nuevos talentos dispuestos a innovar para crecer. Si compartes nuestros valores y eres un profesional que busca el desarrollo continuo, es din\u00e1mico, proactivo y tiene iniciativa, \u00a1\u00fanete a nuestro equipo!<\/p>\n<p>Rellena todos los datos solicitados, cargue tu CV en formato .pdf, .doc o .docx y reg\u00edstrate en nuestra base de datos. Nuestro equipo se pondr\u00e1 en contacto con usted en breve.[\/vc_column_text][\/vc_column][\/vc_row][vc_row equal_height=&#8221;&#8221; hide_class=&#8221;wvc-hide-tablet&#8221; background_type=&#8221;image&#8221; background_color=&#8221;white&#8221; background_img_lazyload=&#8221;1&#8243; shift_y=&#8221;0&#8243; z_index=&#8221;0&#8243;][vc_column][\/vc_column][\/vc_row]<\/p>\n","protected":false},"excerpt":{"rendered":"<p>[vc_row equal_height=&#8221;&#8221; font_color=&#8221;light&#8221; background_type=&#8221;image&#8221; background_color=&#8221;darkgrey&#8221; background_img=&#8221;8426&#8243; background_img_lazyload=&#8221;&#8221; shift_y=&#8221;0&#8243; z_index=&#8221;0&#8243; css=&#8221;.vc_custom_1639434516383{padding-top: 50px !important;padding-bottom: 50px !important;}&#8221;][vc_column][vc_empty_space height=&#8221;100px&#8221;][vc_custom_heading text=&#8221;Trabaja Con Nosotros&#8221; font_size=&#8221;32&#8243; text_align=&#8221;right&#8221; css=&#8221;.vc_custom_1650927324513{margin-bottom: 15px !important;}&#8221; css_animation=&#8221;fadeInUp&#8221;][wvc_breadcrumb align=&#8221;right&#8221; font_size=&#8221;16&#8243; css_animation=&#8221;fade&#8221;][vc_empty_space height=&#8221;80px&#8221;][\/vc_column][\/vc_row][vc_row equal_height=&#8221;&#8221; background_type=&#8221;image&#8221; background_color=&#8221;white&#8221; background_img_lazyload=&#8221;&#8221; shift_y=&#8221;0&#8243; z_index=&#8221;0&#8243; css=&#8221;.vc_custom_1623683612771{margin-bottom: 0px !important;border-bottom-width: 0px !important;padding-top: 50px !important;padding-bottom: 0px !important;}&#8221;][vc_column][vc_custom_heading text=&#8221;\u00danete a nuestro equipo&#8221; font_size=&#8221;32&#8243; css=&#8221;.vc_custom_1650927358296{margin-bottom: 0px !important;border-bottom-width: 0px !important;padding-bottom: 0px !important;}&#8221;&#8230;<\/p>\n<p><a rel=\"bookmark\" class=\"decibel-button-text wvc-button wvc-button-size-sm wolf-core-button wolf-core-button-size-sm\" href=\"https:\/\/www.dosetec.com.br\/es\/trabaja-con-nosotros\/\"><small class=\"wvc-button-background-fill wolf-core-button-background-fill\"><\/small><span>continue reading<\/span><\/a><\/p>\n","protected":false},"author":3,"featured_media":0,"parent":0,"menu_order":0,"comment_status":"closed","ping_status":"closed","template":"","meta":{"footnotes":""},"class_list":{"0":"post-9390","1":"page","2":"type-page","3":"status-publish","4":"hentry","5":"entry","6":"clearfix","7":"entry-grid","8":"entry-columns-default","9":"entry-page-module-layout-standard","10":"no-post-thumbnail","11":"entry-page","13":"entry-page-grid"},"yoast_head":"<!-- This site is optimized with the Yoast SEO plugin v27.4 - https:\/\/yoast.com\/product\/yoast-seo-wordpress\/ -->\n<title>Trabaja Con Nosotros - Dosetec<\/title>\n<meta name=\"robots\" content=\"index, follow, max-snippet:-1, max-image-preview:large, max-video-preview:-1\" \/>\n<link rel=\"canonical\" href=\"https:\/\/www.dosetec.com.br\/es\/trabaja-con-nosotros\/\" \/>\n<meta property=\"og:locale\" content=\"pt_BR\" \/>\n<meta property=\"og:type\" content=\"article\" \/>\n<meta property=\"og:title\" content=\"Trabaja Con Nosotros - Dosetec\" \/>\n<meta property=\"og:description\" content=\"[vc_row equal_height=&#8221;&#8221; font_color=&#8221;light&#8221; background_type=&#8221;image&#8221; background_color=&#8221;darkgrey&#8221; background_img=&#8221;8426&#8243; background_img_lazyload=&#8221;&#8221; shift_y=&#8221;0&#8243; z_index=&#8221;0&#8243; css=&#8221;.vc_custom_1639434516383{padding-top: 50px !important;padding-bottom: 50px !important;}&#8221;][vc_column][vc_empty_space height=&#8221;100px&#8221;][vc_custom_heading text=&#8221;Trabaja Con Nosotros&#8221; font_size=&#8221;32&#8243; text_align=&#8221;right&#8221; css=&#8221;.vc_custom_1650927324513{margin-bottom: 15px !important;}&#8221; css_animation=&#8221;fadeInUp&#8221;][wvc_breadcrumb align=&#8221;right&#8221; font_size=&#8221;16&#8243; css_animation=&#8221;fade&#8221;][vc_empty_space height=&#8221;80px&#8221;][\/vc_column][\/vc_row][vc_row equal_height=&#8221;&#8221; background_type=&#8221;image&#8221; background_color=&#8221;white&#8221; background_img_lazyload=&#8221;&#8221; shift_y=&#8221;0&#8243; z_index=&#8221;0&#8243; css=&#8221;.vc_custom_1623683612771{margin-bottom: 0px !important;border-bottom-width: 0px !important;padding-top: 50px !important;padding-bottom: 0px !important;}&#8221;][vc_column][vc_custom_heading text=&#8221;\u00danete a nuestro equipo&#8221; font_size=&#8221;32&#8243; css=&#8221;.vc_custom_1650927358296{margin-bottom: 0px !important;border-bottom-width: 0px !important;padding-bottom: 0px !important;}&#8221;...continue reading\" \/>\n<meta property=\"og:url\" content=\"https:\/\/www.dosetec.com.br\/es\/trabaja-con-nosotros\/\" \/>\n<meta property=\"og:site_name\" content=\"Dosetec\" \/>\n<meta property=\"article:publisher\" content=\"https:\/\/www.facebook.com\/dosetec\/\" \/>\n<meta property=\"article:modified_time\" content=\"2022-04-27T14:42:35+00:00\" \/>\n<meta name=\"twitter:card\" content=\"summary_large_image\" \/>\n<meta name=\"twitter:label1\" content=\"Est. tempo de leitura\" \/>\n\t<meta name=\"twitter:data1\" content=\"3 minutos\" \/>\n<script type=\"application\/ld+json\" class=\"yoast-schema-graph\">{\"@context\":\"https:\\\/\\\/schema.org\",\"@graph\":[{\"@type\":\"WebPage\",\"@id\":\"https:\\\/\\\/www.dosetec.com.br\\\/es\\\/trabaja-con-nosotros\\\/\",\"url\":\"https:\\\/\\\/www.dosetec.com.br\\\/es\\\/trabaja-con-nosotros\\\/\",\"name\":\"Trabaja Con Nosotros - Dosetec\",\"isPartOf\":{\"@id\":\"https:\\\/\\\/www.dosetec.com.br\\\/#website\"},\"datePublished\":\"2022-04-25T22:58:54+00:00\",\"dateModified\":\"2022-04-27T14:42:35+00:00\",\"breadcrumb\":{\"@id\":\"https:\\\/\\\/www.dosetec.com.br\\\/es\\\/trabaja-con-nosotros\\\/#breadcrumb\"},\"inLanguage\":\"pt-BR\",\"potentialAction\":[{\"@type\":\"ReadAction\",\"target\":[\"https:\\\/\\\/www.dosetec.com.br\\\/es\\\/trabaja-con-nosotros\\\/\"]}]},{\"@type\":\"BreadcrumbList\",\"@id\":\"https:\\\/\\\/www.dosetec.com.br\\\/es\\\/trabaja-con-nosotros\\\/#breadcrumb\",\"itemListElement\":[{\"@type\":\"ListItem\",\"position\":1,\"name\":\"In\u00edcio\",\"item\":\"https:\\\/\\\/www.dosetec.com.br\\\/\"},{\"@type\":\"ListItem\",\"position\":2,\"name\":\"Trabaja Con Nosotros\"}]},{\"@type\":\"WebSite\",\"@id\":\"https:\\\/\\\/www.dosetec.com.br\\\/#website\",\"url\":\"https:\\\/\\\/www.dosetec.com.br\\\/\",\"name\":\"Dosetec\",\"description\":\"\",\"publisher\":{\"@id\":\"https:\\\/\\\/www.dosetec.com.br\\\/#organization\"},\"potentialAction\":[{\"@type\":\"SearchAction\",\"target\":{\"@type\":\"EntryPoint\",\"urlTemplate\":\"https:\\\/\\\/www.dosetec.com.br\\\/?s={search_term_string}\"},\"query-input\":{\"@type\":\"PropertyValueSpecification\",\"valueRequired\":true,\"valueName\":\"search_term_string\"}}],\"inLanguage\":\"pt-BR\"},{\"@type\":\"Organization\",\"@id\":\"https:\\\/\\\/www.dosetec.com.br\\\/#organization\",\"name\":\"Dosetec\",\"url\":\"https:\\\/\\\/www.dosetec.com.br\\\/\",\"logo\":{\"@type\":\"ImageObject\",\"inLanguage\":\"pt-BR\",\"@id\":\"https:\\\/\\\/www.dosetec.com.br\\\/#\\\/schema\\\/logo\\\/image\\\/\",\"url\":\"https:\\\/\\\/www.dosetec.com.br\\\/wp-content\\\/uploads\\\/2022\\\/02\\\/dosetec_tmp.jpg\",\"contentUrl\":\"https:\\\/\\\/www.dosetec.com.br\\\/wp-content\\\/uploads\\\/2022\\\/02\\\/dosetec_tmp.jpg\",\"width\":1000,\"height\":1000,\"caption\":\"Dosetec\"},\"image\":{\"@id\":\"https:\\\/\\\/www.dosetec.com.br\\\/#\\\/schema\\\/logo\\\/image\\\/\"},\"sameAs\":[\"https:\\\/\\\/www.facebook.com\\\/dosetec\\\/\",\"https:\\\/\\\/www.instagram.com\\\/dosetec\\\/\",\"https:\\\/\\\/www.linkedin.com\\\/company\\\/dosetec-dosadores-industriais\\\/\",\"https:\\\/\\\/www.youtube.com\\\/c\\\/Dosetec2010\"]}]}<\/script>\n<!-- \/ Yoast SEO plugin. -->","yoast_head_json":{"title":"Trabaja Con Nosotros - Dosetec","robots":{"index":"index","follow":"follow","max-snippet":"max-snippet:-1","max-image-preview":"max-image-preview:large","max-video-preview":"max-video-preview:-1"},"canonical":"https:\/\/www.dosetec.com.br\/es\/trabaja-con-nosotros\/","og_locale":"pt_BR","og_type":"article","og_title":"Trabaja Con Nosotros - Dosetec","og_description":"[vc_row equal_height=&#8221;&#8221; font_color=&#8221;light&#8221; background_type=&#8221;image&#8221; background_color=&#8221;darkgrey&#8221; background_img=&#8221;8426&#8243; background_img_lazyload=&#8221;&#8221; shift_y=&#8221;0&#8243; z_index=&#8221;0&#8243; css=&#8221;.vc_custom_1639434516383{padding-top: 50px !important;padding-bottom: 50px !important;}&#8221;][vc_column][vc_empty_space height=&#8221;100px&#8221;][vc_custom_heading text=&#8221;Trabaja Con Nosotros&#8221; font_size=&#8221;32&#8243; text_align=&#8221;right&#8221; css=&#8221;.vc_custom_1650927324513{margin-bottom: 15px !important;}&#8221; css_animation=&#8221;fadeInUp&#8221;][wvc_breadcrumb align=&#8221;right&#8221; font_size=&#8221;16&#8243; css_animation=&#8221;fade&#8221;][vc_empty_space height=&#8221;80px&#8221;][\/vc_column][\/vc_row][vc_row equal_height=&#8221;&#8221; background_type=&#8221;image&#8221; background_color=&#8221;white&#8221; background_img_lazyload=&#8221;&#8221; shift_y=&#8221;0&#8243; z_index=&#8221;0&#8243; css=&#8221;.vc_custom_1623683612771{margin-bottom: 0px !important;border-bottom-width: 0px !important;padding-top: 50px !important;padding-bottom: 0px !important;}&#8221;][vc_column][vc_custom_heading text=&#8221;\u00danete a nuestro equipo&#8221; font_size=&#8221;32&#8243; css=&#8221;.vc_custom_1650927358296{margin-bottom: 0px !important;border-bottom-width: 0px !important;padding-bottom: 0px !important;}&#8221;...continue reading","og_url":"https:\/\/www.dosetec.com.br\/es\/trabaja-con-nosotros\/","og_site_name":"Dosetec","article_publisher":"https:\/\/www.facebook.com\/dosetec\/","article_modified_time":"2022-04-27T14:42:35+00:00","twitter_card":"summary_large_image","twitter_misc":{"Est. tempo de leitura":"3 minutos"},"schema":{"@context":"https:\/\/schema.org","@graph":[{"@type":"WebPage","@id":"https:\/\/www.dosetec.com.br\/es\/trabaja-con-nosotros\/","url":"https:\/\/www.dosetec.com.br\/es\/trabaja-con-nosotros\/","name":"Trabaja Con Nosotros - Dosetec","isPartOf":{"@id":"https:\/\/www.dosetec.com.br\/#website"},"datePublished":"2022-04-25T22:58:54+00:00","dateModified":"2022-04-27T14:42:35+00:00","breadcrumb":{"@id":"https:\/\/www.dosetec.com.br\/es\/trabaja-con-nosotros\/#breadcrumb"},"inLanguage":"pt-BR","potentialAction":[{"@type":"ReadAction","target":["https:\/\/www.dosetec.com.br\/es\/trabaja-con-nosotros\/"]}]},{"@type":"BreadcrumbList","@id":"https:\/\/www.dosetec.com.br\/es\/trabaja-con-nosotros\/#breadcrumb","itemListElement":[{"@type":"ListItem","position":1,"name":"In\u00edcio","item":"https:\/\/www.dosetec.com.br\/"},{"@type":"ListItem","position":2,"name":"Trabaja Con Nosotros"}]},{"@type":"WebSite","@id":"https:\/\/www.dosetec.com.br\/#website","url":"https:\/\/www.dosetec.com.br\/","name":"Dosetec","description":"","publisher":{"@id":"https:\/\/www.dosetec.com.br\/#organization"},"potentialAction":[{"@type":"SearchAction","target":{"@type":"EntryPoint","urlTemplate":"https:\/\/www.dosetec.com.br\/?s={search_term_string}"},"query-input":{"@type":"PropertyValueSpecification","valueRequired":true,"valueName":"search_term_string"}}],"inLanguage":"pt-BR"},{"@type":"Organization","@id":"https:\/\/www.dosetec.com.br\/#organization","name":"Dosetec","url":"https:\/\/www.dosetec.com.br\/","logo":{"@type":"ImageObject","inLanguage":"pt-BR","@id":"https:\/\/www.dosetec.com.br\/#\/schema\/logo\/image\/","url":"https:\/\/www.dosetec.com.br\/wp-content\/uploads\/2022\/02\/dosetec_tmp.jpg","contentUrl":"https:\/\/www.dosetec.com.br\/wp-content\/uploads\/2022\/02\/dosetec_tmp.jpg","width":1000,"height":1000,"caption":"Dosetec"},"image":{"@id":"https:\/\/www.dosetec.com.br\/#\/schema\/logo\/image\/"},"sameAs":["https:\/\/www.facebook.com\/dosetec\/","https:\/\/www.instagram.com\/dosetec\/","https:\/\/www.linkedin.com\/company\/dosetec-dosadores-industriais\/","https:\/\/www.youtube.com\/c\/Dosetec2010"]}]}},"_links":{"self":[{"href":"https:\/\/www.dosetec.com.br\/wp-json\/wp\/v2\/pages\/9390","targetHints":{"allow":["GET"]}}],"collection":[{"href":"https:\/\/www.dosetec.com.br\/wp-json\/wp\/v2\/pages"}],"about":[{"href":"https:\/\/www.dosetec.com.br\/wp-json\/wp\/v2\/types\/page"}],"author":[{"embeddable":true,"href":"https:\/\/www.dosetec.com.br\/wp-json\/wp\/v2\/users\/3"}],"replies":[{"embeddable":true,"href":"https:\/\/www.dosetec.com.br\/wp-json\/wp\/v2\/comments?post=9390"}],"version-history":[{"count":2,"href":"https:\/\/www.dosetec.com.br\/wp-json\/wp\/v2\/pages\/9390\/revisions"}],"predecessor-version":[{"id":9593,"href":"https:\/\/www.dosetec.com.br\/wp-json\/wp\/v2\/pages\/9390\/revisions\/9593"}],"wp:attachment":[{"href":"https:\/\/www.dosetec.com.br\/wp-json\/wp\/v2\/media?parent=9390"}],"curies":[{"name":"wp","href":"https:\/\/api.w.org\/{rel}","templated":true}]}}